{"id":256,"date":"2019-11-28T14:27:19","date_gmt":"2019-11-28T13:27:19","guid":{"rendered":"http:\/\/debretcoaching.com\/?page_id=256"},"modified":"2019-11-28T14:45:57","modified_gmt":"2019-11-28T13:45:57","slug":"accueil-suite","status":"publish","type":"page","link":"https:\/\/debretcoaching.com\/?page_id=256","title":{"rendered":"Accueil (suite)"},"content":{"rendered":"\n<div class=\"wp-block-image\"><figure class=\"alignleft size-large is-resized\"><img loading=\"lazy\" decoding=\"async\" src=\"http:\/\/debretcoaching.com\/wp-content\/uploads\/2019\/11\/anthony-debret-nb-1.jpg\" alt=\"\" class=\"wp-image-150\" width=\"289\" height=\"271\" srcset=\"https:\/\/debretcoaching.com\/wp-content\/uploads\/2019\/11\/anthony-debret-nb-1.jpg 485w, https:\/\/debretcoaching.com\/wp-content\/uploads\/2019\/11\/anthony-debret-nb-1-300x281.jpg 300w\" sizes=\"auto, (max-width: 289px) 100vw, 289px\" \/><\/figure><\/div>\n\n\n\n<h2 class=\"wp-block-heading\">Exp\u00e9rience professionnelle et formation<\/h2>\n\n\n\n<p> <strong>Passionn\u00e9<\/strong> par la pratique du <strong>sport<\/strong> et du<strong> d\u00e9passement de soi <\/strong>depuis mon plus jeune \u00e2ge, pratiquant le tennis de table (niveau r\u00e9gional), le pignon fixe, la musculation et l\u2019halt\u00e9rophilie (comp\u00e9tition), je savais que<strong> je voulais faire de ma passion mon m\u00e9tier.<\/strong>  <\/p>\n\n\n\n<p>J&rsquo;ai choisi pour m&rsquo;accompagner dans ce projet<strong> <a href=\"http:\/\/www.eficiencia.pro\/\">Efficiencia<\/a><\/strong>&nbsp;aupr\u00e8s de qui j&rsquo;ai \u00e9t\u00e9 form\u00e9 \u00e0 vous accompagner de fa\u00e7on optimale dans votre<strong> pratique sportive<\/strong>. <\/p>\n\n\n\n<p> Ma formation m\u2019a permis d\u2019acqu\u00e9rir <strong>les meilleures comp\u00e9tences en pr\u00e9paration physique<\/strong>, afin d\u2019optimiser au mieux ses entra\u00eenements. Mon objectif principal en tant que coach est de permettre \u00e0 mes clients de <strong>pr\u00e9server une int\u00e9grit\u00e9 physique fonctionnelle <\/strong>voire m\u00eame de l&rsquo;am\u00e9liorer. <\/p>\n\n\n\n<p> J&rsquo;ai aussi obtenu un <strong>BTS en Di\u00e9t\u00e9tique et Nutrition clinique<\/strong> qui me permet de vous accompagner sur le plan nutritionnel. <\/p>\n\n\n\n<p> En ce qui concerne mon exp\u00e9rience professionnelle, apr\u00e8s un bref passage en <strong>restauration collective <\/strong>j&rsquo;ai \u00e9t\u00e9 <strong>coursier \u00e0 v\u00e9lo<\/strong> pendant un an et demi, avant de devenir <strong>coach sportif \u00e0 Liberty Gym<\/strong> o\u00f9 j&rsquo;ai effectu\u00e9 des prises en charges de clients (bilan sant\u00e9 + pes\u00e9e) et r\u00e9alisation de programme en fonction des objectifs de la personne et d\u00e9monstration technique en salle.<\/p>\n\n\n\n<figure class=\"wp-block-image\"><img decoding=\"async\" src=\"http:\/\/debretcoaching.com\/wp-content\/uploads\/2019\/11\/coaching-anthony-debret-1024x977.jpg\" alt=\"L\u2019attribut alt de cette image est vide, son nom de fichier est coaching-anthony-debret-1024x977.jpg.\"\/><\/figure>\n","protected":false},"excerpt":{"rendered":"<p>Exp\u00e9rience professionnelle et formation Passionn\u00e9 par la pratique du sport et du d\u00e9passement de soi depuis mon plus jeune \u00e2ge, pratiquant le tennis de table (niveau r\u00e9gional), le pignon fixe, la musculation et l\u2019halt\u00e9rophilie (comp\u00e9tition), je savais que je voulais faire de ma passion mon m\u00e9tier. J&rsquo;ai choisi pour m&rsquo;accompagner dans ce projet Efficiencia&nbsp;aupr\u00e8s de &hellip; <\/p>\n<p class=\"link-more\"><a href=\"https:\/\/debretcoaching.com\/?page_id=256\" class=\"more-link\">Continuer la lecture<span class=\"screen-reader-text\"> de &laquo;&nbsp;Accueil (suite)&nbsp;&raquo;<\/span><\/a><\/p>\n","protected":false},"author":1,"featured_media":0,"parent":0,"menu_order":0,"comment_status":"closed","ping_status":"closed","template":"","meta":{"om_disable_all_campaigns":false,"_themeisle_gutenberg_block_has_review":false,"footnotes":""},"class_list":["post-256","page","type-page","status-publish","hentry"],"aioseo_notices":[],"jetpack_sharing_enabled":true,"_links":{"self":[{"href":"https:\/\/debretcoaching.com\/index.php?rest_route=\/wp\/v2\/pages\/256","targetHints":{"allow":["GET"]}}],"collection":[{"href":"https:\/\/debretcoaching.com\/index.php?rest_route=\/wp\/v2\/pages"}],"about":[{"href":"https:\/\/debretcoaching.com\/index.php?rest_route=\/wp\/v2\/types\/page"}],"author":[{"embeddable":true,"href":"https:\/\/debretcoaching.com\/index.php?rest_route=\/wp\/v2\/users\/1"}],"replies":[{"embeddable":true,"href":"https:\/\/debretcoaching.com\/index.php?rest_route=%2Fwp%2Fv2%2Fcomments&post=256"}],"version-history":[{"count":3,"href":"https:\/\/debretcoaching.com\/index.php?rest_route=\/wp\/v2\/pages\/256\/revisions"}],"predecessor-version":[{"id":272,"href":"https:\/\/debretcoaching.com\/index.php?rest_route=\/wp\/v2\/pages\/256\/revisions\/272"}],"wp:attachment":[{"href":"https:\/\/debretcoaching.com\/index.php?rest_route=%2Fwp%2Fv2%2Fmedia&parent=256"}],"curies":[{"name":"wp","href":"https:\/\/api.w.org\/{rel}","templated":true}]}}