{"id":49,"date":"2019-11-19T12:58:27","date_gmt":"2019-11-19T11:58:27","guid":{"rendered":"http:\/\/debretcoaching.com\/?page_id=49"},"modified":"2021-06-04T10:21:05","modified_gmt":"2021-06-04T08:21:05","slug":"tarifs","status":"publish","type":"page","link":"https:\/\/debretcoaching.com\/?page_id=49","title":{"rendered":"Tarifs"},"content":{"rendered":"<style> \/* simple flat #86 *\/#ptp-86{border-color:#ddd;padding:0;margin-left:0;margin-right:0}#ptp-86 div.ptp-item-container{border-radius:0}#ptp-86 div.ptp-item-container div{margin:0}#ptp-86 .ptp-highlight div.ptp-item-container{border-color:#ddd}#ptp-86 div.ptp-plan{border-top-right-radius:0;border-top-left-radius:0;font-size:.85em;border-color:#ddd;background-color:#ddd;color:#333;padding:.9375em 1.25em}#ptp-86 div.ptp-plan .has-tip{border-bottom:dotted 1px #333;color:#333}#ptp-86 .ptp-highlight div.ptp-plan{border-color:#ddd;background-color:#ddd;color:#333}#ptp-86 .ptp-highlight div.ptp-plan .has-tip{border-bottom:dotted 1px #333;color:#333}#ptp-86 div.ptp-price{font-size:1.25em;background-color:#eee;color:#333;padding:.9375em 1.25em}#ptp-86 div.ptp-price .has-tip{border-bottom:dotted 1px #333;color:#333}#ptp-86 .ptp-highlight div.ptp-price{background-color:#eee;color:#333}#ptp-86 .ptp-highlight div.ptp-price .has-tip{border-bottom:dotted 1px #333;color:#333}#ptp-86 div.ptp-cta{border-bottom-right-radius:0;border-bottom-left-radius:0;background-color:#eee;padding-top:1.25em;padding-bottom:1.25em}#ptp-86 .ptp-highlight div.ptp-cta{background-color:#eee}#ptp-86 a.ptp-button{border-radius:0;font-size:.8em;color:#fff;background-color:#222;border-bottom:#222 4px solid;margin:0}#ptp-86 a.ptp-button .has-tip,#ptp-86 a.ptp-button:hover .has-tip{border-bottom:dotted 1px #fff;color:#fff}#ptp-86 a.ptp-button:hover{background-color:#222}#ptp-86 div.ptp-bullet-item{color:#333;background-color:#fff;font-size:.875em;border-color:#ddd;padding:.9375em .5em .9375em .5em}#ptp-86 .ptp-highlight .ptp-bullet-item{color:#333;border-color:#ddd;background-color:#fff}#ptp-86 .ptp-highlight a.ptp-button{color:#fff;background-color:#222;border-bottom:#222 4px solid}#ptp-86 .ptp-highlight a.ptp-button:hover{background-color:#222}#ptp-86 .ptp-highlight a.ptp-button .has-tip{border-bottom:dotted 1px #fff;color:#fff}#ptp-86 div.ptp-most-popular{border-radius:0;font-size:1em;background-color:#7f8c8d;color:#fff;border:1px solid #7f8c8d}\/* end of simple flat #86 *\/<\/style>        <script type=\"text\/javascript\">\n         jQuery(document).ready(function($) {\n            jQuery.call_match_height_86 = function call_match_height_design1(ptp_id) {\n                                $( ptp_id+' .ptp-plan' ).matchHeight(false); \n                                $( ptp_id+' .ptp-cta' ).matchHeight(false); \n                                $( ptp_id+' .ptp-price' ).matchHeight(false);\n                                $( ptp_id+' .ptp-button' ).matchHeight(false);\n\n                                $( ptp_id+' .ptp-bullet-item' ).each(function( index ){\n                                    $( ptp_id+' .ptp-row-id-'+index ).matchHeight(false);\n             \n                                });  \n                         }\n            var ptp_id = '#ptp-'+86 ;\n            $.call_match_height_86 ( ptp_id );              \n         });\n      <\/script>\n      \n        <div id=\"ptp-86\" class=\"ptp-pricing-table\" ><div class=\"ptp-col ptp-four-col ptp-highlight ptp-col-id-0 dh-ptp-col-id-0\"><div class=\"ptp-most-popular\">Nouveau !<\/div><div class=\"ptp-item-container\"><div class=\"ptp-plan\">Open gym (1h30)<\/div><div class=\"ptp-price\">10 \u20ac<\/div><div class=\"ptp-bullet-item ptp-row-id-0\">Entra\u00eenement libre en salle priv\u00e9e. **\r<\/div><div class=\"ptp-bullet-item ptp-row-id-1 tt-ptp-empty-row \">&nbsp;<\/div><div class=\"ptp-cta\"><a class=\"ptp-button ptp-checkout-button\" id=\"ptp-86-cta-0\"  href=\"http:\/\/debretcoaching.com\/?page_id=62\" >Contactez-nous !<\/a><\/div><\/div><\/div><div class=\"ptp-col ptp-four-col  ptp-col-id-1 dh-ptp-col-id-1\"><div class=\"ptp-not-most-popular\">&nbsp;<\/div><div class=\"ptp-item-container\"><div class=\"ptp-plan\">Coaching \u00e0 la s\u00e9ance (1h)<\/div><div class=\"ptp-price\">60 \u20ac<\/div><div class=\"ptp-bullet-item ptp-row-id-0\">S\u00e9ance de coaching personnalis\u00e9. <\/div><div class=\"ptp-bullet-item ptp-row-id-1 tt-ptp-empty-row \">&nbsp;<\/div><div class=\"ptp-cta\"><a class=\"ptp-button ptp-checkout-button\" id=\"ptp-86-cta-1\"  href=\"http:\/\/debretcoaching.com\/?page_id=62\" >Contactez-nous !<\/a><\/div><\/div><\/div><div class=\"ptp-col ptp-four-col  ptp-col-id-2 dh-ptp-col-id-2\"><div class=\"ptp-not-most-popular\">&nbsp;<\/div><div class=\"ptp-item-container\"><div class=\"ptp-plan\">Coaching en groupe (1h)<\/div><div class=\"ptp-price\">25 \u20ac<\/div><div class=\"ptp-bullet-item ptp-row-id-0\">Valable pour un groupe \u00e0 partir de 2 personnes.<\/div><div class=\"ptp-bullet-item ptp-row-id-1 tt-ptp-empty-row \">&nbsp;<\/div><div class=\"ptp-cta\"><a class=\"ptp-button ptp-checkout-button\" id=\"ptp-86-cta-2\"  href=\"http:\/\/debretcoaching.com\/?page_id=62\" >Contactez-nous !<\/a><\/div><\/div><\/div><div class=\"ptp-col ptp-four-col  ptp-col-id-3 dh-ptp-col-id-3\"><div class=\"ptp-not-most-popular\">&nbsp;<\/div><div class=\"ptp-item-container\"><div class=\"ptp-plan\">     Bilan sant\u00e9     (30 min)<\/div><div class=\"ptp-price\">20 \u20ac *<\/div><div class=\"ptp-bullet-item ptp-row-id-0\">* Offert pour toute souscription \u00e0 un coaching.<\/div><div class=\"ptp-bullet-item ptp-row-id-1 tt-ptp-empty-row \">&nbsp;<\/div><div class=\"ptp-cta\"><a class=\"ptp-button ptp-checkout-button\" id=\"ptp-86-cta-3\"  href=\"http:\/\/debretcoaching.com\/?page_id=62\" >Contactez-nous !<\/a><\/div><\/div><\/div><\/div>\n\n\n\n<p><strong>Frais de d\u00e9placement offerts.<\/strong><\/p>\n\n\n\n<p>Mon activit\u00e9 de coaching fait partie des <strong>Services \u00e0 la personne<\/strong>, ce qui permet de d\u00e9duire 50%  du montant des s\u00e9ances de vos imp\u00f4ts.<\/p>\n\n\n\n<p>Profitez d&rsquo;un <strong>tarif pr\u00e9f\u00e9rentiel <\/strong>pour l&rsquo;achat de packs coaching (5, 10, 15, 20 s\u00e9ances). <\/p>\n\n\n\n<p>Possibilit\u00e9 de <strong>programmes<\/strong> sur tous les domaines d\u2019activit\u00e9s \u00e0 40 \u20ac le cycle (de 2-5 semaine).<\/p>\n\n\n\n<figure class=\"wp-block-gallery columns-1 is-cropped wp-block-gallery-1 is-layout-flex wp-block-gallery-is-layout-flex\"><ul class=\"blocks-gallery-grid\"><li class=\"blocks-gallery-item\"><figure><img loading=\"lazy\" decoding=\"async\" width=\"1024\" height=\"714\" src=\"http:\/\/debretcoaching.com\/wp-content\/uploads\/2020\/12\/salle-privee-debret-coaching-1024x714.jpg\" alt=\"\" data-id=\"289\" data-full-url=\"http:\/\/debretcoaching.com\/wp-content\/uploads\/2020\/12\/salle-privee-debret-coaching.jpg\" data-link=\"http:\/\/debretcoaching.com\/?attachment_id=289\" class=\"wp-image-289\" srcset=\"https:\/\/debretcoaching.com\/wp-content\/uploads\/2020\/12\/salle-privee-debret-coaching-1024x714.jpg 1024w, https:\/\/debretcoaching.com\/wp-content\/uploads\/2020\/12\/salle-privee-debret-coaching-300x209.jpg 300w, https:\/\/debretcoaching.com\/wp-content\/uploads\/2020\/12\/salle-privee-debret-coaching-768x536.jpg 768w, https:\/\/debretcoaching.com\/wp-content\/uploads\/2020\/12\/salle-privee-debret-coaching.jpg 1289w\" sizes=\"auto, (max-width: 706px) 89vw, (max-width: 767px) 82vw, 740px\" \/><\/figure><\/li><\/ul><\/figure>\n\n\n\n<p><strong>Salle priv\u00e9e<\/strong> disponible sur demande pour vos entra\u00eenements (voir tarif sur le tableau en haut de la page : \u00ab\u00a0open gym\u00a0\u00bb).<\/p>\n\n\n\n<div class=\"wp-block-jetpack-slideshow aligncenter\" data-effect=\"slide\"><div class=\"wp-block-jetpack-slideshow_container swiper-container\"><ul class=\"wp-block-jetpack-slideshow_swiper-wrapper swiper-wrapper\"><li class=\"wp-block-jetpack-slideshow_slide swiper-slide\"><figure><img loading=\"lazy\" decoding=\"async\" width=\"1088\" height=\"816\" alt=\"\" class=\"wp-block-jetpack-slideshow_image wp-image-320\" data-id=\"320\" src=\"http:\/\/debretcoaching.com\/wp-content\/uploads\/2021\/05\/IMG_8644-2.jpg\" srcset=\"https:\/\/debretcoaching.com\/wp-content\/uploads\/2021\/05\/IMG_8644-2.jpg 1088w, https:\/\/debretcoaching.com\/wp-content\/uploads\/2021\/05\/IMG_8644-2-300x225.jpg 300w, https:\/\/debretcoaching.com\/wp-content\/uploads\/2021\/05\/IMG_8644-2-1024x768.jpg 1024w, https:\/\/debretcoaching.com\/wp-content\/uploads\/2021\/05\/IMG_8644-2-768x576.jpg 768w\" sizes=\"(max-width: 706px) 89vw, (max-width: 767px) 82vw, 740px\" \/><\/figure><\/li><li class=\"wp-block-jetpack-slideshow_slide swiper-slide\"><figure><img loading=\"lazy\" decoding=\"async\" width=\"816\" height=\"1088\" alt=\"\" class=\"wp-block-jetpack-slideshow_image wp-image-324\" data-id=\"324\" src=\"http:\/\/debretcoaching.com\/wp-content\/uploads\/2021\/05\/IMG_8647-3.jpg\" srcset=\"https:\/\/debretcoaching.com\/wp-content\/uploads\/2021\/05\/IMG_8647-3.jpg 816w, https:\/\/debretcoaching.com\/wp-content\/uploads\/2021\/05\/IMG_8647-3-225x300.jpg 225w, https:\/\/debretcoaching.com\/wp-content\/uploads\/2021\/05\/IMG_8647-3-768x1024.jpg 768w\" sizes=\"(max-width: 706px) 89vw, (max-width: 767px) 82vw, 740px\" \/><\/figure><\/li><li class=\"wp-block-jetpack-slideshow_slide swiper-slide\"><figure><img loading=\"lazy\" decoding=\"async\" width=\"1296\" height=\"970\" alt=\"\" class=\"wp-block-jetpack-slideshow_image wp-image-322\" data-id=\"322\" src=\"http:\/\/debretcoaching.com\/wp-content\/uploads\/2021\/05\/IMG_8646-2.jpg\" srcset=\"https:\/\/debretcoaching.com\/wp-content\/uploads\/2021\/05\/IMG_8646-2.jpg 1296w, https:\/\/debretcoaching.com\/wp-content\/uploads\/2021\/05\/IMG_8646-2-300x225.jpg 300w, https:\/\/debretcoaching.com\/wp-content\/uploads\/2021\/05\/IMG_8646-2-1024x766.jpg 1024w, https:\/\/debretcoaching.com\/wp-content\/uploads\/2021\/05\/IMG_8646-2-768x575.jpg 768w\" sizes=\"(max-width: 706px) 89vw, (max-width: 767px) 82vw, 740px\" \/><\/figure><\/li><li class=\"wp-block-jetpack-slideshow_slide swiper-slide\"><figure><img loading=\"lazy\" decoding=\"async\" width=\"1088\" height=\"816\" alt=\"\" class=\"wp-block-jetpack-slideshow_image wp-image-323\" data-id=\"323\" src=\"http:\/\/debretcoaching.com\/wp-content\/uploads\/2021\/05\/IMG_8648-3.jpg\" srcset=\"https:\/\/debretcoaching.com\/wp-content\/uploads\/2021\/05\/IMG_8648-3.jpg 1088w, https:\/\/debretcoaching.com\/wp-content\/uploads\/2021\/05\/IMG_8648-3-300x225.jpg 300w, https:\/\/debretcoaching.com\/wp-content\/uploads\/2021\/05\/IMG_8648-3-1024x768.jpg 1024w, https:\/\/debretcoaching.com\/wp-content\/uploads\/2021\/05\/IMG_8648-3-768x576.jpg 768w\" sizes=\"(max-width: 706px) 89vw, (max-width: 767px) 82vw, 740px\" \/><\/figure><\/li><li class=\"wp-block-jetpack-slideshow_slide swiper-slide\"><figure><img loading=\"lazy\" decoding=\"async\" width=\"735\" height=\"1088\" alt=\"\" class=\"wp-block-jetpack-slideshow_image wp-image-321\" data-id=\"321\" src=\"http:\/\/debretcoaching.com\/wp-content\/uploads\/2021\/05\/IMG_8645-2.jpg\" srcset=\"https:\/\/debretcoaching.com\/wp-content\/uploads\/2021\/05\/IMG_8645-2.jpg 735w, https:\/\/debretcoaching.com\/wp-content\/uploads\/2021\/05\/IMG_8645-2-203x300.jpg 203w, https:\/\/debretcoaching.com\/wp-content\/uploads\/2021\/05\/IMG_8645-2-692x1024.jpg 692w\" sizes=\"(max-width: 735px) 100vw, 735px\" \/><\/figure><\/li><\/ul><a class=\"wp-block-jetpack-slideshow_button-prev swiper-button-prev swiper-button-white\" role=\"button\"><\/a><a class=\"wp-block-jetpack-slideshow_button-next swiper-button-next swiper-button-white\" role=\"button\"><\/a><a aria-label=\"Pause Slideshow\" class=\"wp-block-jetpack-slideshow_button-pause\" role=\"button\"><\/a><div class=\"wp-block-jetpack-slideshow_pagination swiper-pagination swiper-pagination-white\"><\/div><\/div><\/div>\n\n\n\n<h2 class=\"wp-block-heading\">**<em> Mat\u00e9riel \u00e0 disposition :<\/em><\/h2>\n\n\n\n<ul class=\"wp-block-list\"><li><strong>Bandes de r\u00e9sistance \u00e9lastique<\/strong> :  50 \u00e0 120 lbs &#8211;  2,5 \u00e0 25 lbs &#8211; 20 \u00e0 80 lbs (2).<\/li><li><strong>Barre olympique homme<\/strong> : 220cm 20kg &#8211; Pinces de s\u00e9curit\u00e9 (2).<\/li><li><strong>Barre olympique femme<\/strong> Sveltus 15kg. <\/li><li><strong>Disque olympiques<\/strong> 50mn : 20 kg (6), 15 kg (4), 10kg (4) 5kg (4), 2,5kg (4), 1, 25kg (4).<\/li><li><strong>Barre pour halt\u00e8res<\/strong> 28mn (2) &#8211; Barre 1m30 28mn (1) &#8211; Pinces de s\u00e9curit\u00e9 (4).<\/li><li><strong>Disques diam\u00e8tre<\/strong> 28 mm : 2kg (10), 10 kg (2), 5 kg (4), 1,5kg (2).<\/li><li><strong>Kettle<\/strong> <strong>Bells<\/strong>\u00a0: 4kg (1), 8kg (1), 10kg (1).<\/li><li><strong>Racks \u00e0 squat<\/strong> (2).                                                                                                                                                       <\/li><li><strong>Banc de d\u00e9velopp\u00e9 couch\u00e9.                                                                                                                                   <\/strong><\/li><li><strong>Barre de traction.<\/strong><\/li><li><strong>Swiss ball.                                                                                                                                                       <\/strong><\/li><li><strong>Rouleaux d&rsquo;automassage<\/strong> (2)<strong>.                                                                                                                           <\/strong><\/li><li><strong>Balance \u00e0 imp\u00e9dancem\u00e8tre. <\/strong><\/li><\/ul>\n","protected":false},"excerpt":{"rendered":"<p>Frais de d\u00e9placement offerts. Mon activit\u00e9 de coaching fait partie des Services \u00e0 la personne, ce qui permet de d\u00e9duire 50% du montant des s\u00e9ances de vos imp\u00f4ts. Profitez d&rsquo;un tarif pr\u00e9f\u00e9rentiel pour l&rsquo;achat de packs coaching (5, 10, 15, 20 s\u00e9ances). Possibilit\u00e9 de programmes sur tous les domaines d\u2019activit\u00e9s \u00e0 40 \u20ac le cycle &hellip; <\/p>\n<p class=\"link-more\"><a href=\"https:\/\/debretcoaching.com\/?page_id=49\" class=\"more-link\">Continuer la lecture<span class=\"screen-reader-text\"> de &laquo;&nbsp;Tarifs&nbsp;&raquo;<\/span><\/a><\/p>\n","protected":false},"author":1,"featured_media":90,"parent":0,"menu_order":0,"comment_status":"closed","ping_status":"closed","template":"","meta":{"om_disable_all_campaigns":false,"_themeisle_gutenberg_block_has_review":false,"footnotes":""},"class_list":["post-49","page","type-page","status-publish","has-post-thumbnail","hentry"],"aioseo_notices":[],"jetpack_sharing_enabled":true,"_links":{"self":[{"href":"https:\/\/debretcoaching.com\/index.php?rest_route=\/wp\/v2\/pages\/49","targetHints":{"allow":["GET"]}}],"collection":[{"href":"https:\/\/debretcoaching.com\/index.php?rest_route=\/wp\/v2\/pages"}],"about":[{"href":"https:\/\/debretcoaching.com\/index.php?rest_route=\/wp\/v2\/types\/page"}],"author":[{"embeddable":true,"href":"https:\/\/debretcoaching.com\/index.php?rest_route=\/wp\/v2\/users\/1"}],"replies":[{"embeddable":true,"href":"https:\/\/debretcoaching.com\/index.php?rest_route=%2Fwp%2Fv2%2Fcomments&post=49"}],"version-history":[{"count":30,"href":"https:\/\/debretcoaching.com\/index.php?rest_route=\/wp\/v2\/pages\/49\/revisions"}],"predecessor-version":[{"id":335,"href":"https:\/\/debretcoaching.com\/index.php?rest_route=\/wp\/v2\/pages\/49\/revisions\/335"}],"wp:featuredmedia":[{"embeddable":true,"href":"https:\/\/debretcoaching.com\/index.php?rest_route=\/wp\/v2\/media\/90"}],"wp:attachment":[{"href":"https:\/\/debretcoaching.com\/index.php?rest_route=%2Fwp%2Fv2%2Fmedia&parent=49"}],"curies":[{"name":"wp","href":"https:\/\/api.w.org\/{rel}","templated":true}]}}