{"id":68,"date":"2019-11-19T13:55:41","date_gmt":"2019-11-19T12:55:41","guid":{"rendered":"http:\/\/debretcoaching.com\/?page_id=68"},"modified":"2019-11-28T13:16:32","modified_gmt":"2019-11-28T12:16:32","slug":"avis","status":"publish","type":"page","link":"https:\/\/debretcoaching.com\/?page_id=68","title":{"rendered":"Avis"},"content":{"rendered":"\n<style id=\"sp_testimonial_dynamic_css244\">#sp-testimonial-free-wrapper-244 .sp-testimonial-free-section .testimonial-pagination span.swiper-pagination-bullet{background: #ffffff;}#sp-testimonial-free-wrapper-244 .sp-testimonial-free-section .testimonial-pagination span.swiper-pagination-bullet.swiper-pagination-bullet-active{background: #ffffff;} #sp-testimonial-free-wrapper-244 .sp-testimonial-free-section .testimonial-nav-arrow{background: transparent;border: 0px solid #777777;color: #444444;}#sp-testimonial-free-wrapper-244 .sp-testimonial-free-section .testimonial-nav-arrow:hover {background: transparent;border-color: #52b3d9;color: #444444;}#sp-testimonial-free-wrapper-244 .sp-testimonial-free-section{margin: 0 50px;}#sp-testimonial-free-wrapper-244 .sp-testimonial-free-section{margin-bottom: 50px;}#sp-testimonial-free-wrapper-244 .sp-testimonial-free-section .sp-testimonial-client-rating{ display: inline-flex; gap: 2px;}#sp-testimonial-free-wrapper-244 .sp-testimonial-free-section .sp-testimonial-client-rating i.fa{ color: #f3bb00; font-size: 19px;}#sp-testimonial-free-wrapper-244 .sp-testimonial-free-section .sp-testimonial-client-rating i.fa-star{color: #f3bb00;}#sp-testimonial-free-wrapper-244 .sp-testimonial-free-section .sp-testimonial-client-designation{color: #444444;}#sp-testimonial-free-wrapper-244 .sp-testimonial-free-section .sp-testimonial-client-name{color: #333333;}#sp-testimonial-free-wrapper-244 .sp-testimonial-free-section .sp-testimonial-client-testimonial{color: #333333;}#sp-testimonial-free-wrapper-244 .sp-testimonial-free-section .sp-testimonial-title .sp-testimonial-post-title{color: #333333;}#sp-testimonial-free-wrapper-244 .sp-testimonial-free {background : transparent;border: 1px solid transparent;border-radius: 0px;}<\/style><div id=\"sp-testimonial-free-wrapper-244\" class=\"sp-testimonial-free-wrapper\"><div id=\"sp-testimonial-free-244\" class=\"sp-testimonial-free-section tfree-style-theme-one\" dir=\"ltr\" data-preloader=\"\" data-swiper='{&quot;dots&quot;: 1,&quot;pagination_type&quot;: &quot;dots&quot;, &quot;spaceBetween&quot;: 20, &quot;adaptiveHeight&quot;: true, &quot;pauseOnHover&quot;: true, &quot;slidesToShow&quot;: 1, &quot;speed&quot;: 600, &quot;arrows&quot;: &quot;1&quot;, &quot;autoplay&quot;: true, &quot;autoplaySpeed&quot;: 3000, &quot;swipe&quot;: true, &quot;swipeToSlide&quot;: false, &quot;draggable&quot;: true, &quot;freeMode&quot;: false, &quot;rtl&quot;: false, &quot;infinite&quot;: true,&quot;slidesPerView&quot;: {&quot;lg_desktop&quot;:1 , &quot;desktop&quot;: 1, &quot;laptop&quot;:1 , &quot;tablet&quot;: 1, &quot;mobile&quot;: 1},&quot;navigation_mobile&quot;: true, &quot;pagination_mobile&quot;:true, &quot;autoplay_mobile&quot;:true}' ><div class=\"swiper-wrapper\"><div class=\"sp-testimonial-item swiper-slide\"><div class=\"sp-testimonial-free\"><div class=\"sp-testimonial-client-testimonial\"><div class=\"sp-testimonial-content\"><div class=\"Jtu6Td\"><span tabindex=\"0\">Tr\u00e8s bon coach, \u00e0 l&rsquo;\u00e9coute. <\/span><span tabindex=\"0\">J&rsquo;ai atteint mes objectifs en peu de temps.<\/span><\/div><div class=\"hTt9T\"><\/div><div><\/div><\/div><\/div><h4 class=\"sp-testimonial-client-name\">Nat gd<\/h4><div class=\"sp-testimonial-client-rating\"><i class=\"fa fa-star\" aria-hidden=\"true\"><\/i><i class=\"fa fa-star\" aria-hidden=\"true\"><\/i><i class=\"fa fa-star\" aria-hidden=\"true\"><\/i><i class=\"fa fa-star\" aria-hidden=\"true\"><\/i><i class=\"fa fa-star\" aria-hidden=\"true\"><\/i><\/div><\/div> <\/div> <div class=\"sp-testimonial-item swiper-slide\"><div class=\"sp-testimonial-free\"><div class=\"sp-testimonial-client-image\"><img loading=\"lazy\" decoding=\"async\" width=\"60\" height=\"60\" src=\"https:\/\/debretcoaching.com\/wp-content\/uploads\/2019\/11\/photo.png\" class=\"tfree-client-image wp-post-image\" alt=\"\" \/><\/div><div class=\"sp-testimonial-client-testimonial\"><div class=\"sp-testimonial-content\"><p>Tr\u00e8s bon coach qui adapte ses m\u00e9thodes a sa client\u00e8le (en fonction du physique, des douleurs etc). Une bonne p\u00e9dagogie et une passion de ce milieu.<\/p><\/div><\/div><h4 class=\"sp-testimonial-client-name\">Erwan Le Blavec<\/h4><div class=\"sp-testimonial-client-rating\"><i class=\"fa fa-star\" aria-hidden=\"true\"><\/i><i class=\"fa fa-star\" aria-hidden=\"true\"><\/i><i class=\"fa fa-star\" aria-hidden=\"true\"><\/i><i class=\"fa fa-star\" aria-hidden=\"true\"><\/i><i class=\"fa fa-star\" aria-hidden=\"true\"><\/i><\/div><\/div> <\/div> <div class=\"sp-testimonial-item swiper-slide\"><div class=\"sp-testimonial-free\"><div class=\"sp-testimonial-client-image\"><img loading=\"lazy\" decoding=\"async\" width=\"120\" height=\"120\" src=\"https:\/\/debretcoaching.com\/wp-content\/uploads\/2019\/11\/2019-11-28-120x120.jpg\" class=\"tfree-client-image wp-post-image\" alt=\"\" \/><\/div><div class=\"sp-testimonial-client-testimonial\"><div class=\"sp-testimonial-content\"><p>Anthony est motiv\u00e9 et motivant, le sport et un mode de vie sain sont de vraies passions chez lui !<\/p><\/div><\/div><h4 class=\"sp-testimonial-client-name\">St\u00e9phanie Gillet<\/h4><div class=\"sp-testimonial-client-rating\"><i class=\"fa fa-star\" aria-hidden=\"true\"><\/i><i class=\"fa fa-star\" aria-hidden=\"true\"><\/i><i class=\"fa fa-star\" aria-hidden=\"true\"><\/i><i class=\"fa fa-star\" aria-hidden=\"true\"><\/i><i class=\"fa fa-star\" aria-hidden=\"true\"><\/i><\/div><\/div> <\/div> <\/div><div class=\"swiper-pagination testimonial-pagination\"><\/div><div class=\"swiper-button-prev testimonial-nav-arrow vertical_center\"><i class=\"fa fa-angle-left\"><\/i><\/div><div class=\"swiper-button-next testimonial-nav-arrow vertical_center\"><i class=\"fa fa-angle-right\"><\/i><\/div><\/div><\/div><script type=\"application\/ld+json\">{\"@context\": \"http:\/\/schema.org\",\"@type\": \"Product\",\"name\": \"Avis\",\"aggregateRating\": {\"@type\": \"AggregateRating\",\"bestRating\": \"5\",\"ratingValue\": \"5\",\"worstRating\": \"1\",\"reviewCount\": \"3\"},\"review\": []}<\/script>\n\n\n\n<p><\/p>\n","protected":false},"excerpt":{"rendered":"","protected":false},"author":1,"featured_media":228,"parent":0,"menu_order":0,"comment_status":"closed","ping_status":"closed","template":"","meta":{"om_disable_all_campaigns":false,"_themeisle_gutenberg_block_has_review":false,"footnotes":""},"class_list":["post-68","page","type-page","status-publish","has-post-thumbnail","hentry"],"aioseo_notices":[],"jetpack_sharing_enabled":true,"_links":{"self":[{"href":"https:\/\/debretcoaching.com\/index.php?rest_route=\/wp\/v2\/pages\/68","targetHints":{"allow":["GET"]}}],"collection":[{"href":"https:\/\/debretcoaching.com\/index.php?rest_route=\/wp\/v2\/pages"}],"about":[{"href":"https:\/\/debretcoaching.com\/index.php?rest_route=\/wp\/v2\/types\/page"}],"author":[{"embeddable":true,"href":"https:\/\/debretcoaching.com\/index.php?rest_route=\/wp\/v2\/users\/1"}],"replies":[{"embeddable":true,"href":"https:\/\/debretcoaching.com\/index.php?rest_route=%2Fwp%2Fv2%2Fcomments&post=68"}],"version-history":[{"count":6,"href":"https:\/\/debretcoaching.com\/index.php?rest_route=\/wp\/v2\/pages\/68\/revisions"}],"predecessor-version":[{"id":245,"href":"https:\/\/debretcoaching.com\/index.php?rest_route=\/wp\/v2\/pages\/68\/revisions\/245"}],"wp:featuredmedia":[{"embeddable":true,"href":"https:\/\/debretcoaching.com\/index.php?rest_route=\/wp\/v2\/media\/228"}],"wp:attachment":[{"href":"https:\/\/debretcoaching.com\/index.php?rest_route=%2Fwp%2Fv2%2Fmedia&parent=68"}],"curies":[{"name":"wp","href":"https:\/\/api.w.org\/{rel}","templated":true}]}}