{"id":8,"date":"2019-11-19T11:45:03","date_gmt":"2019-11-19T10:45:03","guid":{"rendered":"http:\/\/debretcoaching.com\/?page_id=8"},"modified":"2019-11-28T14:39:04","modified_gmt":"2019-11-28T13:39:04","slug":"accueil","status":"publish","type":"page","link":"https:\/\/debretcoaching.com\/","title":{"rendered":"Accueil"},"content":{"rendered":"\n<figure class=\"wp-block-image is-resized\"><img loading=\"lazy\" decoding=\"async\" src=\"http:\/\/debretcoaching.com\/wp-content\/uploads\/2019\/11\/anthony-debret-nb-1.jpg\" alt=\"L\u2019attribut alt de cette image est vide, son nom de fichier est anthony-debret-nb-1.jpg.\" width=\"185\" height=\"173\"\/><\/figure>\n\n\n\n<p>Bienvenue sur le site d&rsquo;<strong>Anthony Debret<\/strong>, coach sportif \u00e0 Paris et Hauts-de-Seine.<\/p>\n\n\n\n<p><strong>Passionn\u00e9<\/strong> par la pratique du <strong>sport<\/strong> et du<strong> d\u00e9passement de soi <\/strong>depuis mon plus jeune \u00e2ge, pratiquant le tennis de table (niveau r\u00e9gional), le pignon fixe, la musculation et l\u2019halt\u00e9rophilie(comp\u00e9tition), je savais que<strong> je voulais faire de ma passion mon m\u00e9tier.<\/strong> <\/p>\n\n\n\n<div id=\"wp-block-themeisle-blocks-button-group-4e021ebb\" class=\"wp-block-themeisle-blocks-button-group\" style=\"justify-content:center;align-items:center\"><a href=\"http:\/\/debretcoaching.com\/?page_id=256\" target=\"_self\" class=\"wp-block-themeisle-blocks-button wp-block-themeisle-blocks-button-0\" style=\"font-size:18px;font-style:normal;border-width:0px;border-radius:0px;padding:12px 24px \" rel=\"noopener noreferrer\"><span>Lire la suite<\/span><\/a><\/div>\n","protected":false},"excerpt":{"rendered":"<p>Bienvenue sur le site d&rsquo;Anthony Debret, coach sportif \u00e0 Paris et Hauts-de-Seine. Passionn\u00e9 par la pratique du sport et du d\u00e9passement de soi depuis mon plus jeune \u00e2ge, pratiquant le tennis de table (niveau r\u00e9gional), le pignon fixe, la musculation et l\u2019halt\u00e9rophilie(comp\u00e9tition), je savais que je voulais faire de ma passion mon m\u00e9tier.<\/p>\n","protected":false},"author":1,"featured_media":229,"parent":0,"menu_order":0,"comment_status":"closed","ping_status":"closed","template":"","meta":{"om_disable_all_campaigns":false,"_themeisle_gutenberg_block_has_review":false,"footnotes":""},"class_list":["post-8","page","type-page","status-publish","has-post-thumbnail","hentry"],"aioseo_notices":[],"jetpack_sharing_enabled":true,"_links":{"self":[{"href":"https:\/\/debretcoaching.com\/index.php?rest_route=\/wp\/v2\/pages\/8","targetHints":{"allow":["GET"]}}],"collection":[{"href":"https:\/\/debretcoaching.com\/index.php?rest_route=\/wp\/v2\/pages"}],"about":[{"href":"https:\/\/debretcoaching.com\/index.php?rest_route=\/wp\/v2\/types\/page"}],"author":[{"embeddable":true,"href":"https:\/\/debretcoaching.com\/index.php?rest_route=\/wp\/v2\/users\/1"}],"replies":[{"embeddable":true,"href":"https:\/\/debretcoaching.com\/index.php?rest_route=%2Fwp%2Fv2%2Fcomments&post=8"}],"version-history":[{"count":12,"href":"https:\/\/debretcoaching.com\/index.php?rest_route=\/wp\/v2\/pages\/8\/revisions"}],"predecessor-version":[{"id":276,"href":"https:\/\/debretcoaching.com\/index.php?rest_route=\/wp\/v2\/pages\/8\/revisions\/276"}],"wp:featuredmedia":[{"embeddable":true,"href":"https:\/\/debretcoaching.com\/index.php?rest_route=\/wp\/v2\/media\/229"}],"wp:attachment":[{"href":"https:\/\/debretcoaching.com\/index.php?rest_route=%2Fwp%2Fv2%2Fmedia&parent=8"}],"curies":[{"name":"wp","href":"https:\/\/api.w.org\/{rel}","templated":true}]}}